{"id":5364,"date":"2025-08-26T20:26:30","date_gmt":"2025-08-26T18:26:30","guid":{"rendered":"https:\/\/gooditazero.com\/?post_type=product&#038;p=5364"},"modified":"2026-04-10T15:52:33","modified_gmt":"2026-04-10T13:52:33","slug":"tarteleta-de-vainilla-con-crema-de-chocolate","status":"publish","type":"product","link":"https:\/\/gooditazero.com\/it\/prodotto\/tarteleta-de-vainilla-con-crema-de-chocolate\/","title":{"rendered":"Crostatina alla vaniglia con crema al cioccolato"},"content":{"rendered":"<p>D\u00e9jate llevar por un aut\u00e9ntico placer dulce sin renunciar a tu bienestar.<br \/>\nEstas <strong>tartaletas low-carb de chocolate<\/strong> combinan una delicada base de masa quebrada con aroma a vainilla y un irresistible relleno cremoso de chocolate.<\/p>\n<p>Elaboradas de forma <strong>artesanal, sin az\u00facares a\u00f1adidos y bajas en carbohidratos<\/strong>, son la opci\u00f3n perfecta para disfrutar de un postre gourmet mientras mantienes un estilo de vida saludable.<\/p>","protected":false},"excerpt":{"rendered":"<p>D\u00e9jate llevar por un aut\u00e9ntico placer dulce sin renunciar a tu bienestar. Estas tartaletas low-carb de chocolate combinan una delicada base de masa quebrada con aroma a vainilla y un irresistible relleno cremoso de chocolate. Elaboradas de forma artesanal, sin az\u00facares a\u00f1adidos y bajas en carbohidratos, son la opci\u00f3n perfecta para disfrutar de un postre gourmet mientras mantienes un estilo de vida saludable.<\/p>","protected":false},"featured_media":5367,"comment_status":"open","ping_status":"closed","template":"","meta":{"_acf_changed":false},"product_brand":[70],"product_cat":[31],"product_tag":[],"class_list":{"0":"post-5364","1":"product","2":"type-product","3":"status-publish","4":"has-post-thumbnail","6":"product_brand-goodita","7":"product_cat-dulce","9":"first","10":"instock","11":"sale","12":"taxable","13":"shipping-taxable","14":"purchasable","15":"product-type-simple"},"acf":[],"_links":{"self":[{"href":"https:\/\/gooditazero.com\/it\/wp-json\/wp\/v2\/product\/5364","targetHints":{"allow":["GET"]}}],"collection":[{"href":"https:\/\/gooditazero.com\/it\/wp-json\/wp\/v2\/product"}],"about":[{"href":"https:\/\/gooditazero.com\/it\/wp-json\/wp\/v2\/types\/product"}],"replies":[{"embeddable":true,"href":"https:\/\/gooditazero.com\/it\/wp-json\/wp\/v2\/comments?post=5364"}],"version-history":[{"count":5,"href":"https:\/\/gooditazero.com\/it\/wp-json\/wp\/v2\/product\/5364\/revisions"}],"predecessor-version":[{"id":8500,"href":"https:\/\/gooditazero.com\/it\/wp-json\/wp\/v2\/product\/5364\/revisions\/8500"}],"wp:featuredmedia":[{"embeddable":true,"href":"https:\/\/gooditazero.com\/it\/wp-json\/wp\/v2\/media\/5367"}],"wp:attachment":[{"href":"https:\/\/gooditazero.com\/it\/wp-json\/wp\/v2\/media?parent=5364"}],"wp:term":[{"taxonomy":"product_brand","embeddable":true,"href":"https:\/\/gooditazero.com\/it\/wp-json\/wp\/v2\/product_brand?post=5364"},{"taxonomy":"product_cat","embeddable":true,"href":"https:\/\/gooditazero.com\/it\/wp-json\/wp\/v2\/product_cat?post=5364"},{"taxonomy":"product_tag","embeddable":true,"href":"https:\/\/gooditazero.com\/it\/wp-json\/wp\/v2\/product_tag?post=5364"}],"curies":[{"name":"wp","href":"https:\/\/api.w.org\/{rel}","templated":true}]}}