{"id":5269,"date":"2025-08-23T18:24:31","date_gmt":"2025-08-23T16:24:31","guid":{"rendered":"https:\/\/gooditazero.com\/?post_type=product&#038;p=5269"},"modified":"2026-03-03T12:59:22","modified_gmt":"2026-03-03T11:59:22","slug":"cereales-proteicos-caramelo-salado","status":"publish","type":"product","link":"https:\/\/gooditazero.com\/it\/prodotto\/cereales-proteicos-caramelo-salado\/","title":{"rendered":"Cereali proteici al caramello salato"},"content":{"rendered":"<p>Cereali per la colazione 100% naturali al gusto di caramello, ricchi di proteine e senza zuccheri aggiunti. Goditi questi autentici super cereali con un incredibile contenuto proteico di 34,5 g* e solo 1,4 g* di zucchero e rivoluziona la tua colazione. Scopri il potere di iniziare la giornata con un sorriso e energia naturale!<br \/>\n*per ogni 100 g di prodotto.<\/p>","protected":false},"excerpt":{"rendered":"<p>Suave, arom\u00e1tico y ligero como una nube, pero bajo en carbohidratos y sin az\u00facar. Nuestro Pan Brioche Bajo en Carbohidratos es perfecto para desayunos saludables o s\u00e1ndwiches creativos. Solo 2 g de carbohidratos por rebanada y todo el sabor de un aut\u00e9ntico brioche artesanal.<\/p>","protected":false},"featured_media":5313,"comment_status":"open","ping_status":"closed","template":"","meta":{"_acf_changed":false},"product_brand":[70],"product_cat":[31],"product_tag":[],"class_list":{"0":"post-5269","1":"product","2":"type-product","3":"status-publish","4":"has-post-thumbnail","6":"product_brand-goodita","7":"product_cat-dulce","9":"first","10":"outofstock","11":"taxable","12":"shipping-taxable","13":"purchasable","14":"product-type-simple"},"acf":[],"_links":{"self":[{"href":"https:\/\/gooditazero.com\/it\/wp-json\/wp\/v2\/product\/5269","targetHints":{"allow":["GET"]}}],"collection":[{"href":"https:\/\/gooditazero.com\/it\/wp-json\/wp\/v2\/product"}],"about":[{"href":"https:\/\/gooditazero.com\/it\/wp-json\/wp\/v2\/types\/product"}],"replies":[{"embeddable":true,"href":"https:\/\/gooditazero.com\/it\/wp-json\/wp\/v2\/comments?post=5269"}],"version-history":[{"count":1,"href":"https:\/\/gooditazero.com\/it\/wp-json\/wp\/v2\/product\/5269\/revisions"}],"predecessor-version":[{"id":8350,"href":"https:\/\/gooditazero.com\/it\/wp-json\/wp\/v2\/product\/5269\/revisions\/8350"}],"wp:featuredmedia":[{"embeddable":true,"href":"https:\/\/gooditazero.com\/it\/wp-json\/wp\/v2\/media\/5313"}],"wp:attachment":[{"href":"https:\/\/gooditazero.com\/it\/wp-json\/wp\/v2\/media?parent=5269"}],"wp:term":[{"taxonomy":"product_brand","embeddable":true,"href":"https:\/\/gooditazero.com\/it\/wp-json\/wp\/v2\/product_brand?post=5269"},{"taxonomy":"product_cat","embeddable":true,"href":"https:\/\/gooditazero.com\/it\/wp-json\/wp\/v2\/product_cat?post=5269"},{"taxonomy":"product_tag","embeddable":true,"href":"https:\/\/gooditazero.com\/it\/wp-json\/wp\/v2\/product_tag?post=5269"}],"curies":[{"name":"wp","href":"https:\/\/api.w.org\/{rel}","templated":true}]}}