{"id":5263,"date":"2025-08-23T18:23:25","date_gmt":"2025-08-23T16:23:25","guid":{"rendered":"https:\/\/gooditazero.com\/?post_type=product&#038;p=5263"},"modified":"2026-04-10T16:02:23","modified_gmt":"2026-04-10T14:02:23","slug":"tarteleta-de-cacao-con-crema-de-chocolate","status":"publish","type":"product","link":"https:\/\/gooditazero.com\/it\/prodotto\/tarteleta-de-cacao-con-crema-de-chocolate\/","title":{"rendered":"Crostatina al cacao con crema al cioccolato"},"content":{"rendered":"<p>Una base di pasta frolla al cacao con aroma di vaniglia che avvolge un cremoso ripieno al cioccolato. Artigianali, senza zucchero e a basso contenuto di carboidrati, sono la golosit\u00e0 perfetta per chi desidera gustare un dessert autentico senza sensi di colpa.<\/p>","protected":false},"excerpt":{"rendered":"<p>Suave, arom\u00e1tico y ligero como una nube, pero bajo en carbohidratos y sin az\u00facar. Nuestro Pan Brioche Bajo en Carbohidratos es perfecto para desayunos saludables o s\u00e1ndwiches creativos. Solo 2 g de carbohidratos por rebanada y todo el sabor de un aut\u00e9ntico brioche artesanal.<\/p>","protected":false},"featured_media":5361,"comment_status":"open","ping_status":"closed","template":"","meta":{"_acf_changed":false},"product_brand":[70],"product_cat":[31],"product_tag":[],"class_list":{"0":"post-5263","1":"product","2":"type-product","3":"status-publish","4":"has-post-thumbnail","6":"product_brand-goodita","7":"product_cat-dulce","9":"first","10":"instock","11":"sale","12":"taxable","13":"shipping-taxable","14":"purchasable","15":"product-type-simple"},"acf":[],"_links":{"self":[{"href":"https:\/\/gooditazero.com\/it\/wp-json\/wp\/v2\/product\/5263","targetHints":{"allow":["GET"]}}],"collection":[{"href":"https:\/\/gooditazero.com\/it\/wp-json\/wp\/v2\/product"}],"about":[{"href":"https:\/\/gooditazero.com\/it\/wp-json\/wp\/v2\/types\/product"}],"replies":[{"embeddable":true,"href":"https:\/\/gooditazero.com\/it\/wp-json\/wp\/v2\/comments?post=5263"}],"version-history":[{"count":3,"href":"https:\/\/gooditazero.com\/it\/wp-json\/wp\/v2\/product\/5263\/revisions"}],"predecessor-version":[{"id":8217,"href":"https:\/\/gooditazero.com\/it\/wp-json\/wp\/v2\/product\/5263\/revisions\/8217"}],"wp:featuredmedia":[{"embeddable":true,"href":"https:\/\/gooditazero.com\/it\/wp-json\/wp\/v2\/media\/5361"}],"wp:attachment":[{"href":"https:\/\/gooditazero.com\/it\/wp-json\/wp\/v2\/media?parent=5263"}],"wp:term":[{"taxonomy":"product_brand","embeddable":true,"href":"https:\/\/gooditazero.com\/it\/wp-json\/wp\/v2\/product_brand?post=5263"},{"taxonomy":"product_cat","embeddable":true,"href":"https:\/\/gooditazero.com\/it\/wp-json\/wp\/v2\/product_cat?post=5263"},{"taxonomy":"product_tag","embeddable":true,"href":"https:\/\/gooditazero.com\/it\/wp-json\/wp\/v2\/product_tag?post=5263"}],"curies":[{"name":"wp","href":"https:\/\/api.w.org\/{rel}","templated":true}]}}