{"id":5235,"date":"2025-08-23T17:52:54","date_gmt":"2025-08-23T15:52:54","guid":{"rendered":"https:\/\/gooditazero.com\/?post_type=product&#038;p=5235"},"modified":"2025-09-15T19:44:48","modified_gmt":"2025-09-15T17:44:48","slug":"muffins-bajos-en-carbohidratos","status":"publish","type":"product","link":"https:\/\/gooditazero.com\/it\/prodotto\/muffins-bajos-en-carbohidratos\/","title":{"rendered":"Muffin a basso contenuto di carboidrati"},"content":{"rendered":"<p>Suaves y llenos de sabor: nuestros muffins bajos en carbohidratos con cacao son la elecci\u00f3n ideal para quienes buscan un tentempi\u00e9 saludable pero delicioso.<br \/>\nSin az\u00facares a\u00f1adidos, con pocos carbohidratos e ingredientes seleccionados, tambi\u00e9n son perfectos para quienes siguen una dieta cetog\u00e9nica.<\/p>","protected":false},"excerpt":{"rendered":"<p>Suave, arom\u00e1tico y ligero como una nube, pero bajo en carbohidratos y sin az\u00facar. Nuestro Pan Brioche Bajo en Carbohidratos es perfecto para desayunos saludables o s\u00e1ndwiches creativos. Solo 2 g de carbohidratos por rebanada y todo el sabor de un aut\u00e9ntico brioche artesanal.<\/p>","protected":false},"featured_media":5358,"comment_status":"open","ping_status":"closed","template":"","meta":{"_acf_changed":false},"product_brand":[70],"product_cat":[31],"product_tag":[],"class_list":{"0":"post-5235","1":"product","2":"type-product","3":"status-publish","4":"has-post-thumbnail","6":"product_brand-goodita","7":"product_cat-dulce","9":"first","10":"outofstock","11":"taxable","12":"shipping-taxable","13":"purchasable","14":"product-type-simple"},"acf":[],"_links":{"self":[{"href":"https:\/\/gooditazero.com\/it\/wp-json\/wp\/v2\/product\/5235","targetHints":{"allow":["GET"]}}],"collection":[{"href":"https:\/\/gooditazero.com\/it\/wp-json\/wp\/v2\/product"}],"about":[{"href":"https:\/\/gooditazero.com\/it\/wp-json\/wp\/v2\/types\/product"}],"replies":[{"embeddable":true,"href":"https:\/\/gooditazero.com\/it\/wp-json\/wp\/v2\/comments?post=5235"}],"version-history":[{"count":0,"href":"https:\/\/gooditazero.com\/it\/wp-json\/wp\/v2\/product\/5235\/revisions"}],"wp:featuredmedia":[{"embeddable":true,"href":"https:\/\/gooditazero.com\/it\/wp-json\/wp\/v2\/media\/5358"}],"wp:attachment":[{"href":"https:\/\/gooditazero.com\/it\/wp-json\/wp\/v2\/media?parent=5235"}],"wp:term":[{"taxonomy":"product_brand","embeddable":true,"href":"https:\/\/gooditazero.com\/it\/wp-json\/wp\/v2\/product_brand?post=5235"},{"taxonomy":"product_cat","embeddable":true,"href":"https:\/\/gooditazero.com\/it\/wp-json\/wp\/v2\/product_cat?post=5235"},{"taxonomy":"product_tag","embeddable":true,"href":"https:\/\/gooditazero.com\/it\/wp-json\/wp\/v2\/product_tag?post=5235"}],"curies":[{"name":"wp","href":"https:\/\/api.w.org\/{rel}","templated":true}]}}